{"id":37442,"date":"2026-04-08T04:49:49","date_gmt":"2026-04-08T04:49:49","guid":{"rendered":"https:\/\/mpp.se\/produkt\/kraftstoff-transporttank\/"},"modified":"2026-04-08T05:22:31","modified_gmt":"2026-04-08T05:22:31","slug":"kraftstoff-transporttank","status":"publish","type":"product","link":"https:\/\/mpp.se\/de\/produkt\/kraftstoff-transporttank\/","title":{"rendered":"Kraftstoff Transporttank"},"content":{"rendered":"\t\t<div data-elementor-type=\"product-post\" data-elementor-id=\"37442\" class=\"elementor elementor-37442 elementor-37429\" data-elementor-post-type=\"product\">\n\t\t\t\t<div class=\"elementor-element elementor-element-7105057 e-con-full global_container e-flex e-con e-parent\" data-id=\"7105057\" data-element_type=\"container\" data-e-type=\"container\" data-settings=\"{&quot;background_background&quot;:&quot;classic&quot;}\">\n\t\t<div class=\"elementor-element elementor-element-89b2b2f e-flex e-con-boxed e-con e-child\" data-id=\"89b2b2f\" data-element_type=\"container\" data-e-type=\"container\">\n\t\t\t\t\t<div class=\"e-con-inner\">\n\t\t<div class=\"elementor-element elementor-element-ffe6de4 e-con-full e-flex e-con e-child\" data-id=\"ffe6de4\" data-element_type=\"container\" data-e-type=\"container\">\n\t\t\t\t<div class=\"elementor-element elementor-element-6c752a1 elementor-widget elementor-widget-heading\" data-id=\"6c752a1\" data-element_type=\"widget\" data-e-type=\"widget\" data-widget_type=\"heading.default\">\n\t\t\t\t<div class=\"elementor-widget-container\">\n\t\t\t\t\t<h1 class=\"elementor-heading-title elementor-size-default\">Kraftstoff Transporttank<\/h1>\t\t\t\t<\/div>\n\t\t\t\t<\/div>\n\t\t\t\t<div class=\"elementor-element elementor-element-19ed82e animated-slow elementor-invisible elementor-widget elementor-widget-text-editor\" data-id=\"19ed82e\" data-element_type=\"widget\" data-e-type=\"widget\" data-settings=\"{&quot;_animation&quot;:&quot;fadeIn&quot;,&quot;_animation_delay&quot;:400}\" data-widget_type=\"text-editor.default\">\n\t\t\t\t<div class=\"elementor-widget-container\">\n\t\t\t\t\t\t\t\t\t<p>Im Bau- und Tiefbauwesen, in der Landwirtschaft und in der Industrie ist die Verf\u00fcgbarkeit des richtigen Kraftstoffs am richtigen Ort entscheidend f\u00fcr einen reibungslosen Betrieb. Ein Kraftstoff Transporttank ist die L\u00f6sung, die Kraftstoff direkt zur Baustelle bringt \u2013 ob Diesel f\u00fcr schwere Maschinen, Benzin f\u00fcr leichtere Fahrzeuge oder AdBlue\u00ae f\u00fcr moderne SCR-Systeme.<\/p>\n<p>Bei MPP entwickeln wir L\u00f6sungen f\u00fcr den Kraftstoff Transporttank seit 2004 \u2013 in enger Zusammenarbeit mit Fachleuten, die diese Produkte t\u00e4glich einsetzen. Das Ergebnis ist ein breites Produktsortiment, das alle Kombinationen aus Materialien und Kraftstoffarten abdeckt: Aluminium oder Stahl, f\u00fcr Diesel, Benzin und AdBlue\u00ae. Jedes Modell ist darauf ausgelegt, Ihre Arbeit sicherer, einfacher und kosteneffizienter zu machen.<\/p>\n<p>Ein mobiler Kraftstofftank von MPP ist f\u00fcr reale Einsatzbedingungen konzipiert, bei denen Mobilit\u00e4t, Sicherheit und Effizienz entscheidend sind.<\/p>\n\t\t\t\t\t\t\t\t<\/div>\n\t\t\t\t<\/div>\n\t\t<div class=\"elementor-element elementor-element-4817bc5 e-con-full e-flex e-con e-child\" data-id=\"4817bc5\" data-element_type=\"container\" data-e-type=\"container\">\n\t\t\t\t<div class=\"elementor-element elementor-element-533bd09 animated-slow elementor-invisible elementor-widget elementor-widget-button\" data-id=\"533bd09\" data-element_type=\"widget\" data-e-type=\"widget\" data-settings=\"{&quot;_animation&quot;:&quot;fadeIn&quot;,&quot;_animation_delay&quot;:500}\" data-widget_type=\"button.default\">\n\t\t\t\t<div class=\"elementor-widget-container\">\n\t\t\t\t\t\t\t\t\t<div class=\"elementor-button-wrapper\">\n\t\t\t\t\t<a class=\"elementor-button elementor-button-link elementor-size-sm\" href=\"#faq\">\n\t\t\t\t\t\t<span class=\"elementor-button-content-wrapper\">\n\t\t\t\t\t\t<span class=\"elementor-button-icon\">\n\t\t\t\t<svg aria-hidden=\"true\" class=\"e-font-icon-svg e-fas-chevron-down\" viewBox=\"0 0 448 512\" xmlns=\"http:\/\/www.w3.org\/2000\/svg\"><path d=\"M207.029 381.476L12.686 187.132c-9.373-9.373-9.373-24.569 0-33.941l22.667-22.667c9.357-9.357 24.522-9.375 33.901-.04L224 284.505l154.745-154.021c9.379-9.335 24.544-9.317 33.901.04l22.667 22.667c9.373 9.373 9.373 24.569 0 33.941L240.971 381.476c-9.373 9.372-24.569 9.372-33.942 0z\"><\/path><\/svg>\t\t\t<\/span>\n\t\t\t\t\t\t\t\t\t<span class=\"elementor-button-text\">FAQ<\/span>\n\t\t\t\t\t<\/span>\n\t\t\t\t\t<\/a>\n\t\t\t\t<\/div>\n\t\t\t\t\t\t\t\t<\/div>\n\t\t\t\t<\/div>\n\t\t\t\t<\/div>\n\t\t\t\t<\/div>\n\t\t<div class=\"elementor-element elementor-element-2ddcc46 e-con-full e-flex e-con e-child\" data-id=\"2ddcc46\" data-element_type=\"container\" data-e-type=\"container\">\n\t\t\t\t<\/div>\n\t\t\t\t\t<\/div>\n\t\t\t\t<\/div>\n\t\t\t\t<\/div>\n\t\t\t\t<\/div>\n\t\t","protected":false},"excerpt":{"rendered":"<p>Kraftstoff Transporttank Im Bau- und Tiefbauwesen, in der Landwirtschaft und in der Industrie ist die Verf\u00fcgbarkeit des richtigen Kraftstoffs am richtigen Ort entscheidend f\u00fcr einen reibungslosen Betrieb. Ein Kraftstoff Transporttank ist die L\u00f6sung, die Kraftstoff direkt zur Baustelle bringt \u2013 ob Diesel f\u00fcr schwere Maschinen, Benzin f\u00fcr leichtere Fahrzeuge oder AdBlue\u00ae f\u00fcr moderne SCR-Systeme. Bei [&hellip;]<\/p>\n","protected":false},"featured_media":0,"template":"","meta":{"_acf_changed":false},"accessories":[],"extra-function":[],"product_cat":[1158],"product_tag":[],"class_list":{"0":"post-37442","1":"product","2":"type-product","3":"status-publish","5":"product_cat-filterproducten","7":"first","8":"instock","9":"shipping-taxable","10":"product-type-simple"},"acf":[],"_links":{"self":[{"href":"https:\/\/mpp.se\/de\/wp-json\/wp\/v2\/product\/37442","targetHints":{"allow":["GET"]}}],"collection":[{"href":"https:\/\/mpp.se\/de\/wp-json\/wp\/v2\/product"}],"about":[{"href":"https:\/\/mpp.se\/de\/wp-json\/wp\/v2\/types\/product"}],"version-history":[{"count":0,"href":"https:\/\/mpp.se\/de\/wp-json\/wp\/v2\/product\/37442\/revisions"}],"wp:attachment":[{"href":"https:\/\/mpp.se\/de\/wp-json\/wp\/v2\/media?parent=37442"}],"wp:term":[{"taxonomy":"accessories","embeddable":true,"href":"https:\/\/mpp.se\/de\/wp-json\/wp\/v2\/accessories?post=37442"},{"taxonomy":"extra-function","embeddable":true,"href":"https:\/\/mpp.se\/de\/wp-json\/wp\/v2\/extra-function?post=37442"},{"taxonomy":"product_cat","embeddable":true,"href":"https:\/\/mpp.se\/de\/wp-json\/wp\/v2\/product_cat?post=37442"},{"taxonomy":"product_tag","embeddable":true,"href":"https:\/\/mpp.se\/de\/wp-json\/wp\/v2\/product_tag?post=37442"}],"curies":[{"name":"wp","href":"https:\/\/api.w.org\/{rel}","templated":true}]}}