{"id":29901,"date":"2021-09-10T10:30:05","date_gmt":"2021-09-10T10:30:05","guid":{"rendered":"https:\/\/mpp.se\/product\/visy-stick\/"},"modified":"2021-09-10T10:30:05","modified_gmt":"2021-09-10T10:30:05","slug":"visy-stick","status":"publish","type":"product","link":"https:\/\/mpp.se\/de\/produkt\/visy-stick\/","title":{"rendered":"VISY-Stick"},"content":{"rendered":"","protected":false},"excerpt":{"rendered":"<h2>F\u00fcllstandssensor mit h\u00f6chster Messgenauigkeit<\/h2>\n<p>Der VISY-Stick misst den Kraftstoffstand, die Temperatur und \u2013 falls vorhanden \u2013 auch den Wasserstand am Boden des Tanks. All dies mit einer Millimeterpr\u00e4zision von bis zu 9.000 Millimetern. Das Messverfahren, die magnetostriktive Pegelmessung, ist somit \u00e4u\u00dferst zuverl\u00e4ssig und pr\u00e4zise. Der VISY-Stick besteht aus rostfreiem Stahl, ist f\u00fcr alle Kraftstoffarten geeignet und wird \u00fcblicherweise in eine 1\u00bd&#8220;-Muffe eingebaut. Der Sensor verf\u00fcgt \u00fcber einen M12-Anschluss und kann auch in sehr anspruchsvollen Umgebungen (in unter- oder oberirdischen Tanks) installiert werden, ohne durch das Klima beeintr\u00e4chtigt zu werden. Die VISY-Stick-F\u00fcllstandssensoren sind in L\u00e4ngen von <strong>1.700<\/strong>, <strong>1.900<\/strong>, <strong>2.300<\/strong> und <strong>2.800<\/strong> Millimetern erh\u00e4ltlich.<\/p>\n","protected":false},"featured_media":25182,"template":"","meta":{"_acf_changed":false},"accessories":[],"extra-function":[],"product_cat":[1168],"product_tag":[],"class_list":{"0":"post-29901","1":"product","2":"type-product","3":"status-publish","4":"has-post-thumbnail","6":"product_cat-ausstattung-und-optionen","8":"first","9":"instock","10":"shipping-taxable","11":"purchasable","12":"product-type-simple"},"acf":[],"_links":{"self":[{"href":"https:\/\/mpp.se\/de\/wp-json\/wp\/v2\/product\/29901","targetHints":{"allow":["GET"]}}],"collection":[{"href":"https:\/\/mpp.se\/de\/wp-json\/wp\/v2\/product"}],"about":[{"href":"https:\/\/mpp.se\/de\/wp-json\/wp\/v2\/types\/product"}],"version-history":[{"count":0,"href":"https:\/\/mpp.se\/de\/wp-json\/wp\/v2\/product\/29901\/revisions"}],"wp:featuredmedia":[{"embeddable":true,"href":"https:\/\/mpp.se\/de\/wp-json\/wp\/v2\/media\/25182"}],"wp:attachment":[{"href":"https:\/\/mpp.se\/de\/wp-json\/wp\/v2\/media?parent=29901"}],"wp:term":[{"taxonomy":"accessories","embeddable":true,"href":"https:\/\/mpp.se\/de\/wp-json\/wp\/v2\/accessories?post=29901"},{"taxonomy":"extra-function","embeddable":true,"href":"https:\/\/mpp.se\/de\/wp-json\/wp\/v2\/extra-function?post=29901"},{"taxonomy":"product_cat","embeddable":true,"href":"https:\/\/mpp.se\/de\/wp-json\/wp\/v2\/product_cat?post=29901"},{"taxonomy":"product_tag","embeddable":true,"href":"https:\/\/mpp.se\/de\/wp-json\/wp\/v2\/product_tag?post=29901"}],"curies":[{"name":"wp","href":"https:\/\/api.w.org\/{rel}","templated":true}]}}