{"id":29890,"date":"2021-02-24T11:32:35","date_gmt":"2021-02-24T11:32:35","guid":{"rendered":"https:\/\/mpp.se\/product\/siteinfo\/"},"modified":"2026-02-02T08:01:44","modified_gmt":"2026-02-02T08:01:44","slug":"siteinfo","status":"publish","type":"product","link":"https:\/\/mpp.se\/de\/produkt\/siteinfo\/","title":{"rendered":"Siteinfo"},"content":{"rendered":"\t\t<div data-elementor-type=\"product-post\" data-elementor-id=\"29890\" class=\"elementor elementor-29890 elementor-29825\" data-elementor-post-type=\"product\">\n\t\t\t\t<div class=\"elementor-element elementor-element-3d5a0154 e-con-full global_container e-flex e-con e-parent\" data-id=\"3d5a0154\" data-element_type=\"container\" data-e-type=\"container\" data-settings=\"{&quot;background_background&quot;:&quot;gradient&quot;}\">\n\t\t<div class=\"elementor-element elementor-element-1d27e36c e-flex e-con-boxed e-con e-child\" data-id=\"1d27e36c\" data-element_type=\"container\" data-e-type=\"container\">\n\t\t\t\t\t<div class=\"e-con-inner\">\n\t\t<div class=\"elementor-element elementor-element-31f2a486 e-con-full e-flex e-con e-child\" data-id=\"31f2a486\" data-element_type=\"container\" data-e-type=\"container\">\n\t\t\t\t<div class=\"elementor-element elementor-element-451fe2e0 elementor-widget elementor-widget-image\" data-id=\"451fe2e0\" data-element_type=\"widget\" data-e-type=\"widget\" data-widget_type=\"image.default\">\n\t\t\t\t<div class=\"elementor-widget-container\">\n\t\t\t\t\t\t\t\t\t\t\t\t\t\t\t<img fetchpriority=\"high\" decoding=\"async\" width=\"202\" height=\"300\" src=\"https:\/\/mpp.se\/wp-content\/uploads\/2026\/01\/SiteInfo-\u2013-HTC-Phone.webp\" class=\"attachment-full size-full wp-image-29886\" alt=\"SiteInfo \u2013 HTC Phone.webp\" \/>\t\t\t\t\t\t\t\t\t\t\t\t\t\t\t<\/div>\n\t\t\t\t<\/div>\n\t\t\t\t<\/div>\n\t\t<div class=\"elementor-element elementor-element-2c42dfa e-con-full e-flex e-con e-child\" data-id=\"2c42dfa\" data-element_type=\"container\" data-e-type=\"container\">\n\t\t\t\t<\/div>\n\t\t<div class=\"elementor-element elementor-element-54472573 e-con-full e-flex e-con e-child\" data-id=\"54472573\" data-element_type=\"container\" data-e-type=\"container\">\n\t\t\t\t<div class=\"elementor-element elementor-element-2b22d079 elementor-widget elementor-widget-text-editor\" data-id=\"2b22d079\" data-element_type=\"widget\" data-e-type=\"widget\" data-widget_type=\"text-editor.default\">\n\t\t\t\t<div class=\"elementor-widget-container\">\n\t\t\t\t\t\t\t\t\t<p><strong>Logistikoptimierung<\/strong> \u2013 reduzierte Transporte<\/p>\n<p><strong>Verbrauchsmuster<\/strong> \u2013 optimierte Planung<\/p>\n<p><strong>Beseitigung von Eillieferunge<\/strong>n \u2013 erh\u00f6hte Kundenzufriedenheit sowie Vertragserf\u00fcllung<\/p>\n<p><strong>Beseitigung von R\u00fccksendungen<\/strong> \u2013 geringere Kosten sowie Optimierung des F\u00fcllgrades<\/p>\n<p><strong>Weniger Telefonate f\u00fcr Auftragserfasser<\/strong> \u2013 geringere Verwaltungskosten<\/p>\n\t\t\t\t\t\t\t\t<\/div>\n\t\t\t\t<\/div>\n\t\t\t\t<\/div>\n\t\t\t\t\t<\/div>\n\t\t\t\t<\/div>\n\t\t<div class=\"elementor-element elementor-element-2aa34046 e-flex e-con-boxed e-con e-child\" data-id=\"2aa34046\" data-element_type=\"container\" data-e-type=\"container\">\n\t\t\t\t\t<div class=\"e-con-inner\">\n\t\t\t\t<div class=\"elementor-element elementor-element-71eb1047 elementor-widget-divider--view-line elementor-widget elementor-widget-divider\" data-id=\"71eb1047\" data-element_type=\"widget\" data-e-type=\"widget\" data-widget_type=\"divider.default\">\n\t\t\t\t<div class=\"elementor-widget-container\">\n\t\t\t\t\t\t\t<div class=\"elementor-divider\">\n\t\t\t<span class=\"elementor-divider-separator\">\n\t\t\t\t\t\t<\/span>\n\t\t<\/div>\n\t\t\t\t\t\t<\/div>\n\t\t\t\t<\/div>\n\t\t\t\t\t<\/div>\n\t\t\t\t<\/div>\n\t\t<div class=\"elementor-element elementor-element-41de94fc e-flex e-con-boxed e-con e-child\" data-id=\"41de94fc\" data-element_type=\"container\" data-e-type=\"container\">\n\t\t\t\t\t<div class=\"e-con-inner\">\n\t\t<div class=\"elementor-element elementor-element-2f0efe90 e-con-full e-flex e-con e-child\" data-id=\"2f0efe90\" data-element_type=\"container\" data-e-type=\"container\">\n\t\t\t\t<div class=\"elementor-element elementor-element-6dae09b1 elementor-widget elementor-widget-heading\" data-id=\"6dae09b1\" data-element_type=\"widget\" data-e-type=\"widget\" data-widget_type=\"heading.default\">\n\t\t\t\t<div class=\"elementor-widget-container\">\n\t\t\t\t\t<h2 class=\"elementor-heading-title elementor-size-default\">Einfache Ablesung all Ihrer Tanks und Beh\u00e4lter<\/h2>\t\t\t\t<\/div>\n\t\t\t\t<\/div>\n\t\t\t\t<div class=\"elementor-element elementor-element-75312222 elementor-widget elementor-widget-text-editor\" data-id=\"75312222\" data-element_type=\"widget\" data-e-type=\"widget\" data-widget_type=\"text-editor.default\">\n\t\t\t\t<div class=\"elementor-widget-container\">\n\t\t\t\t\t\t\t\t\t<p>Nach der Anmeldung werden alle Anlagen angezeigt, die an den Dienst angeschlossen sind.<\/p>\n<p>Sie erhalten einen schnellen \u00dcberblick \u00fcber all Ihre Lieferstellen und zugeh\u00f6rigen Informationen. Wie und was angezeigt wird, l\u00e4sst sich nach Ihren W\u00fcnschen anpassen; zum Beispiel Anlagenname, Ort oder Produkt. Wenn die Anzahl der angeschlossenen Anlagen w\u00e4chst, k\u00f6nnen Sie Informationen einfach durch die Kombination von Spaltenauswahl und Filterung sortieren.<\/p>\n<p>M\u00f6chten Sie eine E-Mail erhalten, wenn der F\u00fcllstand niedrig wird? Dies k\u00f6nnen Sie f\u00fcr jeden Tank ganz einfach konfigurieren.<\/p>\n<p>Die Historie wird st\u00fcndlich gespeichert und sowohl in Tabellenform als auch grafisch dargestellt.<\/p>\n\t\t\t\t\t\t\t\t<\/div>\n\t\t\t\t<\/div>\n\t\t\t\t<\/div>\n\t\t<div class=\"elementor-element elementor-element-229bb106 e-con-full e-flex e-con e-child\" data-id=\"229bb106\" data-element_type=\"container\" data-e-type=\"container\">\n\t\t\t\t<\/div>\n\t\t<div class=\"elementor-element elementor-element-32c9cac1 e-con-full e-flex e-con e-child\" data-id=\"32c9cac1\" data-element_type=\"container\" data-e-type=\"container\">\n\t\t\t\t<div class=\"elementor-element elementor-element-4270fb94 elementor-widget elementor-widget-image\" data-id=\"4270fb94\" data-element_type=\"widget\" data-e-type=\"widget\" data-widget_type=\"image.default\">\n\t\t\t\t<div class=\"elementor-widget-container\">\n\t\t\t\t\t\t\t\t\t\t\t\t\t\t\t<img decoding=\"async\" width=\"1215\" height=\"567\" src=\"https:\/\/mpp.se\/wp-content\/uploads\/2026\/01\/SiteInfo-\u2013-Readouts-2.webp\" class=\"attachment-full size-full wp-image-29887\" alt=\"SiteInfo \u2013 Readouts 2.webp\" srcset=\"https:\/\/mpp.se\/wp-content\/uploads\/2026\/01\/SiteInfo-\u2013-Readouts-2.webp 1215w, https:\/\/mpp.se\/wp-content\/uploads\/2026\/01\/SiteInfo-\u2013-Readouts-2-300x140.webp 300w, https:\/\/mpp.se\/wp-content\/uploads\/2026\/01\/SiteInfo-\u2013-Readouts-2-1024x478.webp 1024w, https:\/\/mpp.se\/wp-content\/uploads\/2026\/01\/SiteInfo-\u2013-Readouts-2-768x358.webp 768w, https:\/\/mpp.se\/wp-content\/uploads\/2026\/01\/SiteInfo-\u2013-Readouts-2-600x280.webp 600w\" sizes=\"(max-width: 1215px) 100vw, 1215px\" \/>\t\t\t\t\t\t\t\t\t\t\t\t\t\t\t<\/div>\n\t\t\t\t<\/div>\n\t\t\t\t<\/div>\n\t\t\t\t\t<\/div>\n\t\t\t\t<\/div>\n\t\t<div class=\"elementor-element elementor-element-73eb870d e-flex e-con-boxed e-con e-child\" data-id=\"73eb870d\" data-element_type=\"container\" data-e-type=\"container\">\n\t\t\t\t\t<div class=\"e-con-inner\">\n\t\t\t\t<div class=\"elementor-element elementor-element-70cce7b2 elementor-widget-divider--view-line elementor-widget elementor-widget-divider\" data-id=\"70cce7b2\" data-element_type=\"widget\" data-e-type=\"widget\" data-widget_type=\"divider.default\">\n\t\t\t\t<div class=\"elementor-widget-container\">\n\t\t\t\t\t\t\t<div class=\"elementor-divider\">\n\t\t\t<span class=\"elementor-divider-separator\">\n\t\t\t\t\t\t<\/span>\n\t\t<\/div>\n\t\t\t\t\t\t<\/div>\n\t\t\t\t<\/div>\n\t\t\t\t\t<\/div>\n\t\t\t\t<\/div>\n\t\t<div class=\"elementor-element elementor-element-2b85ccdd e-flex e-con-boxed e-con e-child\" data-id=\"2b85ccdd\" data-element_type=\"container\" data-e-type=\"container\">\n\t\t\t\t\t<div class=\"e-con-inner\">\n\t\t<div class=\"elementor-element elementor-element-558fb125 e-con-full e-flex e-con e-child\" data-id=\"558fb125\" data-element_type=\"container\" data-e-type=\"container\">\n\t\t\t\t<div class=\"elementor-element elementor-element-25194515 elementor-widget elementor-widget-image\" data-id=\"25194515\" data-element_type=\"widget\" data-e-type=\"widget\" data-widget_type=\"image.default\">\n\t\t\t\t<div class=\"elementor-widget-container\">\n\t\t\t\t\t\t\t\t\t\t\t\t\t\t\t<img decoding=\"async\" width=\"600\" height=\"486\" src=\"https:\/\/mpp.se\/wp-content\/uploads\/2026\/01\/SiteInfo-Devices.webp\" class=\"attachment-full size-full wp-image-29888\" alt=\"SiteInfo Devices.webp\" srcset=\"https:\/\/mpp.se\/wp-content\/uploads\/2026\/01\/SiteInfo-Devices.webp 600w, https:\/\/mpp.se\/wp-content\/uploads\/2026\/01\/SiteInfo-Devices-300x243.webp 300w\" sizes=\"(max-width: 600px) 100vw, 600px\" \/>\t\t\t\t\t\t\t\t\t\t\t\t\t\t\t<\/div>\n\t\t\t\t<\/div>\n\t\t\t\t<\/div>\n\t\t<div class=\"elementor-element elementor-element-7e0ca1d4 e-con-full e-flex e-con e-child\" data-id=\"7e0ca1d4\" data-element_type=\"container\" data-e-type=\"container\">\n\t\t\t\t<\/div>\n\t\t<div class=\"elementor-element elementor-element-7e376a86 e-con-full e-flex e-con e-child\" data-id=\"7e376a86\" data-element_type=\"container\" data-e-type=\"container\">\n\t\t\t\t<div class=\"elementor-element elementor-element-ad8d388 elementor-widget elementor-widget-heading\" data-id=\"ad8d388\" data-element_type=\"widget\" data-e-type=\"widget\" data-widget_type=\"heading.default\">\n\t\t\t\t<div class=\"elementor-widget-container\">\n\t\t\t\t\t<h2 class=\"elementor-heading-title elementor-size-default\">Sie k\u00f6nnen die F\u00fcllst\u00e4nde \u00fcberall ablesen<\/h2>\t\t\t\t<\/div>\n\t\t\t\t<\/div>\n\t\t\t\t<div class=\"elementor-element elementor-element-41207f89 elementor-widget elementor-widget-text-editor\" data-id=\"41207f89\" data-element_type=\"widget\" data-e-type=\"widget\" data-widget_type=\"text-editor.default\">\n\t\t\t\t<div class=\"elementor-widget-container\">\n\t\t\t\t\t\t\t\t\t<p>Mit der SiteInfoApp k\u00f6nnen Sie die Tankst\u00e4nde \u00fcberall abrufen. Die App wurde f\u00fcr Sie als Endnutzer entwickelt und b\u00fcndelt die Funktionen. Sie kostet keinen Aufpreis, sondern ist ein Service, den wir Ihnen anbieten, um Ihren Alltag einfacher zu gestalten.<\/p>\n<p>Die SiteInfoApp, ebenso wie die Browser-Version von SiteInfo, kann an Ihr Unternehmen angepasst werden, z.\u202fB. mit Ihrem Firmenlogo. Melden Sie sich gerne bei uns, dann erz\u00e4hlen wir Ihnen mehr \u00fcber die M\u00f6glichkeiten.<\/p>\n\t\t\t\t\t\t\t\t<\/div>\n\t\t\t\t<\/div>\n\t\t\t\t<\/div>\n\t\t\t\t\t<\/div>\n\t\t\t\t<\/div>\n\t\t<div class=\"elementor-element elementor-element-5c232507 e-flex e-con-boxed e-con e-child\" data-id=\"5c232507\" data-element_type=\"container\" data-e-type=\"container\">\n\t\t\t\t\t<div class=\"e-con-inner\">\n\t\t\t\t<div class=\"elementor-element elementor-element-6c1ac2f4 elementor-widget-divider--view-line elementor-widget elementor-widget-divider\" data-id=\"6c1ac2f4\" data-element_type=\"widget\" data-e-type=\"widget\" data-widget_type=\"divider.default\">\n\t\t\t\t<div class=\"elementor-widget-container\">\n\t\t\t\t\t\t\t<div class=\"elementor-divider\">\n\t\t\t<span class=\"elementor-divider-separator\">\n\t\t\t\t\t\t<\/span>\n\t\t<\/div>\n\t\t\t\t\t\t<\/div>\n\t\t\t\t<\/div>\n\t\t\t\t\t<\/div>\n\t\t\t\t<\/div>\n\t\t<div class=\"elementor-element elementor-element-54c07d25 e-flex e-con-boxed e-con e-child\" data-id=\"54c07d25\" data-element_type=\"container\" data-e-type=\"container\">\n\t\t\t\t\t<div class=\"e-con-inner\">\n\t\t<div class=\"elementor-element elementor-element-1dab9e10 e-con-full e-flex e-con e-child\" data-id=\"1dab9e10\" data-element_type=\"container\" data-e-type=\"container\">\n\t\t\t\t<div class=\"elementor-element elementor-element-22eb332f elementor-widget elementor-widget-heading\" data-id=\"22eb332f\" data-element_type=\"widget\" data-e-type=\"widget\" data-widget_type=\"heading.default\">\n\t\t\t\t<div class=\"elementor-widget-container\">\n\t\t\t\t\t<h2 class=\"elementor-heading-title elementor-size-default\">Grafik und Prognose<\/h2>\t\t\t\t<\/div>\n\t\t\t\t<\/div>\n\t\t\t\t<div class=\"elementor-element elementor-element-9e9cb0b elementor-widget elementor-widget-text-editor\" data-id=\"9e9cb0b\" data-element_type=\"widget\" data-e-type=\"widget\" data-widget_type=\"text-editor.default\">\n\t\t\t\t<div class=\"elementor-widget-container\">\n\t\t\t\t\t\t\t\t\t<p>In der Grafik erhalten Sie einen historischen \u00dcberblick \u00fcber den Verbrauch im Tank, wobei Sie selbst den gew\u00fcnschten Zeitraum ausw\u00e4hlen k\u00f6nnen.<\/p>\n<p>In der Grafik k\u00f6nnen Sie die f\u00fcr den Tank eingestellten Alarm- und Warnstufen sowie Schutz- und Totvolumen sehen.<\/p>\n<p>Die erfassten F\u00fcllstandsdaten liefern detaillierte Statistiken zur Anlage. Sie k\u00f6nnen unter anderem sehen, wie viel durchschnittlich pro Tag verbraucht wurde und welche Lieferungen im gew\u00e4hlten Zeitraum erfolgt sind. Basierend auf der Historie k\u00f6nnen Sie im Grafiktool eine Verbrauchsprognose aktivieren und damit arbeiten.<\/p>\n\t\t\t\t\t\t\t\t<\/div>\n\t\t\t\t<\/div>\n\t\t\t\t<\/div>\n\t\t<div class=\"elementor-element elementor-element-404c974 e-con-full e-flex e-con e-child\" data-id=\"404c974\" data-element_type=\"container\" data-e-type=\"container\">\n\t\t\t\t<\/div>\n\t\t<div class=\"elementor-element elementor-element-4f41418d e-con-full e-flex e-con e-child\" data-id=\"4f41418d\" data-element_type=\"container\" data-e-type=\"container\">\n\t\t\t\t<div class=\"elementor-element elementor-element-694e238 elementor-widget elementor-widget-image\" data-id=\"694e238\" data-element_type=\"widget\" data-e-type=\"widget\" data-widget_type=\"image.default\">\n\t\t\t\t<div class=\"elementor-widget-container\">\n\t\t\t\t\t\t\t\t\t\t\t\t\t\t\t<img loading=\"lazy\" decoding=\"async\" width=\"1231\" height=\"662\" src=\"https:\/\/mpp.se\/wp-content\/uploads\/2026\/01\/SiteInfo-\u2013-Reports.webp\" class=\"attachment-full size-full wp-image-29889\" alt=\"SiteInfo \u2013 Reports.webp\" srcset=\"https:\/\/mpp.se\/wp-content\/uploads\/2026\/01\/SiteInfo-\u2013-Reports.webp 1231w, https:\/\/mpp.se\/wp-content\/uploads\/2026\/01\/SiteInfo-\u2013-Reports-300x161.webp 300w, https:\/\/mpp.se\/wp-content\/uploads\/2026\/01\/SiteInfo-\u2013-Reports-1024x551.webp 1024w, https:\/\/mpp.se\/wp-content\/uploads\/2026\/01\/SiteInfo-\u2013-Reports-768x413.webp 768w, https:\/\/mpp.se\/wp-content\/uploads\/2026\/01\/SiteInfo-\u2013-Reports-600x323.webp 600w\" sizes=\"(max-width: 1231px) 100vw, 1231px\" \/>\t\t\t\t\t\t\t\t\t\t\t\t\t\t\t<\/div>\n\t\t\t\t<\/div>\n\t\t\t\t<\/div>\n\t\t\t\t\t<\/div>\n\t\t\t\t<\/div>\n\t\t<div class=\"elementor-element elementor-element-5a66e449 e-flex e-con-boxed e-con e-child\" data-id=\"5a66e449\" data-element_type=\"container\" data-e-type=\"container\">\n\t\t\t\t\t<div class=\"e-con-inner\">\n\t\t\t\t<div class=\"elementor-element elementor-element-7beaccb8 elementor-widget-divider--view-line elementor-widget elementor-widget-divider\" data-id=\"7beaccb8\" data-element_type=\"widget\" data-e-type=\"widget\" data-widget_type=\"divider.default\">\n\t\t\t\t<div class=\"elementor-widget-container\">\n\t\t\t\t\t\t\t<div class=\"elementor-divider\">\n\t\t\t<span class=\"elementor-divider-separator\">\n\t\t\t\t\t\t<\/span>\n\t\t<\/div>\n\t\t\t\t\t\t<\/div>\n\t\t\t\t<\/div>\n\t\t\t\t\t<\/div>\n\t\t\t\t<\/div>\n\t\t<div class=\"elementor-element elementor-element-29e4aa1 e-flex e-con-boxed e-con e-child\" data-id=\"29e4aa1\" data-element_type=\"container\" data-e-type=\"container\">\n\t\t\t\t\t<div class=\"e-con-inner\">\n\t\t<div class=\"elementor-element elementor-element-7ba08b82 e-con-full e-flex e-con e-child\" data-id=\"7ba08b82\" data-element_type=\"container\" data-e-type=\"container\">\n\t\t\t\t<div class=\"elementor-element elementor-element-3089bf25 elementor-widget elementor-widget-image\" data-id=\"3089bf25\" data-element_type=\"widget\" data-e-type=\"widget\" data-widget_type=\"image.default\">\n\t\t\t\t<div class=\"elementor-widget-container\">\n\t\t\t\t\t\t\t\t\t\t\t\t\t\t\t<img loading=\"lazy\" decoding=\"async\" width=\"1231\" height=\"662\" src=\"https:\/\/mpp.se\/wp-content\/uploads\/2026\/01\/SiteInfo-\u2013-Reports.webp\" class=\"attachment-full size-full wp-image-29889\" alt=\"SiteInfo \u2013 Reports.webp\" srcset=\"https:\/\/mpp.se\/wp-content\/uploads\/2026\/01\/SiteInfo-\u2013-Reports.webp 1231w, https:\/\/mpp.se\/wp-content\/uploads\/2026\/01\/SiteInfo-\u2013-Reports-300x161.webp 300w, https:\/\/mpp.se\/wp-content\/uploads\/2026\/01\/SiteInfo-\u2013-Reports-1024x551.webp 1024w, https:\/\/mpp.se\/wp-content\/uploads\/2026\/01\/SiteInfo-\u2013-Reports-768x413.webp 768w, https:\/\/mpp.se\/wp-content\/uploads\/2026\/01\/SiteInfo-\u2013-Reports-600x323.webp 600w\" sizes=\"(max-width: 1231px) 100vw, 1231px\" \/>\t\t\t\t\t\t\t\t\t\t\t\t\t\t\t<\/div>\n\t\t\t\t<\/div>\n\t\t\t\t<\/div>\n\t\t<div class=\"elementor-element elementor-element-1277b385 e-con-full e-flex e-con e-child\" data-id=\"1277b385\" data-element_type=\"container\" data-e-type=\"container\">\n\t\t\t\t<\/div>\n\t\t<div class=\"elementor-element elementor-element-7161193a e-con-full e-flex e-con e-child\" data-id=\"7161193a\" data-element_type=\"container\" data-e-type=\"container\">\n\t\t\t\t<div class=\"elementor-element elementor-element-2857070c elementor-widget elementor-widget-heading\" data-id=\"2857070c\" data-element_type=\"widget\" data-e-type=\"widget\" data-widget_type=\"heading.default\">\n\t\t\t\t<div class=\"elementor-widget-container\">\n\t\t\t\t\t<h2 class=\"elementor-heading-title elementor-size-default\">Berichte, die einfach zu lesen und zu exportieren sind<\/h2>\t\t\t\t<\/div>\n\t\t\t\t<\/div>\n\t\t\t\t<div class=\"elementor-element elementor-element-7b7b0c98 elementor-widget elementor-widget-text-editor\" data-id=\"7b7b0c98\" data-element_type=\"widget\" data-e-type=\"widget\" data-widget_type=\"text-editor.default\">\n\t\t\t\t<div class=\"elementor-widget-container\">\n\t\t\t\t\t\t\t\t\t<p>In SiteInfo gibt es Standardberichte, wie zum Beispiel Lagerbericht und Volumenhistorie. Die Berichte werden auf dem Bildschirm angezeigt, k\u00f6nnen aber auch nach Excel exportiert werden.<\/p>\n<p>Durch Spaltenauswahl und Filterung im Listenmodus k\u00f6nnen Sie ganz einfach eigene Berichtsgrundlagen erstellen.<\/p>\n\t\t\t\t\t\t\t\t<\/div>\n\t\t\t\t<\/div>\n\t\t\t\t<\/div>\n\t\t\t\t\t<\/div>\n\t\t\t\t<\/div>\n\t\t<div class=\"elementor-element elementor-element-5a75e418 e-flex e-con-boxed e-con e-child\" data-id=\"5a75e418\" data-element_type=\"container\" data-e-type=\"container\">\n\t\t\t\t\t<div class=\"e-con-inner\">\n\t\t\t\t<div class=\"elementor-element elementor-element-29bb2909 elementor-widget-divider--view-line elementor-widget elementor-widget-divider\" data-id=\"29bb2909\" data-element_type=\"widget\" data-e-type=\"widget\" data-widget_type=\"divider.default\">\n\t\t\t\t<div class=\"elementor-widget-container\">\n\t\t\t\t\t\t\t<div class=\"elementor-divider\">\n\t\t\t<span class=\"elementor-divider-separator\">\n\t\t\t\t\t\t<\/span>\n\t\t<\/div>\n\t\t\t\t\t\t<\/div>\n\t\t\t\t<\/div>\n\t\t\t\t\t<\/div>\n\t\t\t\t<\/div>\n\t\t<div class=\"elementor-element elementor-element-7b5a7324 e-flex e-con-boxed e-con e-child\" data-id=\"7b5a7324\" data-element_type=\"container\" data-e-type=\"container\">\n\t\t\t\t\t<div class=\"e-con-inner\">\n\t\t<div class=\"elementor-element elementor-element-7d82ca2a e-con-full e-flex e-con e-child\" data-id=\"7d82ca2a\" data-element_type=\"container\" data-e-type=\"container\">\n\t\t\t\t<div class=\"elementor-element elementor-element-38e4eb9f elementor-widget elementor-widget-heading\" data-id=\"38e4eb9f\" data-element_type=\"widget\" data-e-type=\"widget\" data-widget_type=\"heading.default\">\n\t\t\t\t<div class=\"elementor-widget-container\">\n\t\t\t\t\t<h2 class=\"elementor-heading-title elementor-size-default\">SiteInfo gibt Ihnen vollst\u00e4ndige \u00dcbersicht<\/h2>\t\t\t\t<\/div>\n\t\t\t\t<\/div>\n\t\t\t\t<div class=\"elementor-element elementor-element-1e30c166 elementor-widget elementor-widget-text-editor\" data-id=\"1e30c166\" data-element_type=\"widget\" data-e-type=\"widget\" data-widget_type=\"text-editor.default\">\n\t\t\t\t<div class=\"elementor-widget-container\">\n\t\t\t\t\t\t\t\t\t<p>Als Benutzer mit Administratorrechten haben Sie Zugriff auf mehrere Verwaltungsfunktionen. Unter anderem erhalten Sie einen \u00dcberblick \u00fcber die Benutzer, die Anmeldungen mit dem Unternehmen verkn\u00fcpft haben. Sie k\u00f6nnen sehen, welche Berechtigungen der Benutzer hat, und neue Benutzer erstellen. Sie sind berechtigt, Anlagen, Benutzer, Ansprechpartner und Produkte zu bearbeiten.<\/p>\n<p>SiteInfo erm\u00f6glicht Ihnen au\u00dferdem, Ihre Auswahl an Tanks \u00fcbersichtlich mit Alarm- oder Warnstufen in einem Karten-Tool anzuzeigen.<\/p>\n\t\t\t\t\t\t\t\t<\/div>\n\t\t\t\t<\/div>\n\t\t\t\t<\/div>\n\t\t<div class=\"elementor-element elementor-element-6dc1ae71 e-con-full e-flex e-con e-child\" data-id=\"6dc1ae71\" data-element_type=\"container\" data-e-type=\"container\">\n\t\t\t\t<\/div>\n\t\t<div class=\"elementor-element elementor-element-51dc5924 e-con-full e-flex e-con e-child\" data-id=\"51dc5924\" data-element_type=\"container\" data-e-type=\"container\">\n\t\t\t\t<div class=\"elementor-element elementor-element-32041bcb elementor-widget elementor-widget-image\" data-id=\"32041bcb\" data-element_type=\"widget\" data-e-type=\"widget\" data-widget_type=\"image.default\">\n\t\t\t\t<div class=\"elementor-widget-container\">\n\t\t\t\t\t\t\t\t\t\t\t\t\t\t\t<img loading=\"lazy\" decoding=\"async\" width=\"1231\" height=\"662\" src=\"https:\/\/mpp.se\/wp-content\/uploads\/2026\/01\/SiteInfo-\u2013-Reports.webp\" class=\"attachment-full size-full wp-image-29889\" alt=\"SiteInfo \u2013 Reports.webp\" srcset=\"https:\/\/mpp.se\/wp-content\/uploads\/2026\/01\/SiteInfo-\u2013-Reports.webp 1231w, https:\/\/mpp.se\/wp-content\/uploads\/2026\/01\/SiteInfo-\u2013-Reports-300x161.webp 300w, https:\/\/mpp.se\/wp-content\/uploads\/2026\/01\/SiteInfo-\u2013-Reports-1024x551.webp 1024w, https:\/\/mpp.se\/wp-content\/uploads\/2026\/01\/SiteInfo-\u2013-Reports-768x413.webp 768w, https:\/\/mpp.se\/wp-content\/uploads\/2026\/01\/SiteInfo-\u2013-Reports-600x323.webp 600w\" sizes=\"(max-width: 1231px) 100vw, 1231px\" \/>\t\t\t\t\t\t\t\t\t\t\t\t\t\t\t<\/div>\n\t\t\t\t<\/div>\n\t\t\t\t<\/div>\n\t\t\t\t\t<\/div>\n\t\t\t\t<\/div>\n\t\t\t\t<\/div>\n\t\t\t\t<\/div>\n\t\t","protected":false},"excerpt":{"rendered":"<h2>Vollst\u00e4ndig integrierte F\u00fcllstands\u00fcberwachung, die Transporte effizienter macht, Durchlaufzeiten verk\u00fcrzt und Verluste eliminiert<\/h2>\n<p>SiteInfo ist ein cloudbasierter F\u00fcllstands\u00fcberwachungsdienst, der Ihre <a href=\"\/de\/anwendungsbereiche\/logistik\/\">Logistik<\/a> einfacher und kosteneffizienter gestaltet. \u00dcber jeden Computer, Tablet oder jedes Mobiltelefon k\u00f6nnen Sie jederzeit zahlreiche Informationen zu Ihren Tanks abrufen. Ohne Personal vor Ort erhalten Sie sofort Auskunft \u00fcber die aktuellen Volumina. Leere Tanks, unn\u00f6tige Lieferungen und kostspielige R\u00fccksendungen geh\u00f6ren damit der Vergangenheit an.<\/p>\n","protected":false},"featured_media":29888,"template":"","meta":{"_acf_changed":false},"accessories":[],"extra-function":[],"product_cat":[1168],"product_tag":[],"class_list":{"0":"post-29890","1":"product","2":"type-product","3":"status-publish","4":"has-post-thumbnail","6":"product_cat-ausstattung-und-optionen","8":"first","9":"instock","10":"shipping-taxable","11":"purchasable","12":"product-type-simple"},"acf":[],"_links":{"self":[{"href":"https:\/\/mpp.se\/de\/wp-json\/wp\/v2\/product\/29890","targetHints":{"allow":["GET"]}}],"collection":[{"href":"https:\/\/mpp.se\/de\/wp-json\/wp\/v2\/product"}],"about":[{"href":"https:\/\/mpp.se\/de\/wp-json\/wp\/v2\/types\/product"}],"version-history":[{"count":0,"href":"https:\/\/mpp.se\/de\/wp-json\/wp\/v2\/product\/29890\/revisions"}],"wp:featuredmedia":[{"embeddable":true,"href":"https:\/\/mpp.se\/de\/wp-json\/wp\/v2\/media\/29888"}],"wp:attachment":[{"href":"https:\/\/mpp.se\/de\/wp-json\/wp\/v2\/media?parent=29890"}],"wp:term":[{"taxonomy":"accessories","embeddable":true,"href":"https:\/\/mpp.se\/de\/wp-json\/wp\/v2\/accessories?post=29890"},{"taxonomy":"extra-function","embeddable":true,"href":"https:\/\/mpp.se\/de\/wp-json\/wp\/v2\/extra-function?post=29890"},{"taxonomy":"product_cat","embeddable":true,"href":"https:\/\/mpp.se\/de\/wp-json\/wp\/v2\/product_cat?post=29890"},{"taxonomy":"product_tag","embeddable":true,"href":"https:\/\/mpp.se\/de\/wp-json\/wp\/v2\/product_tag?post=29890"}],"curies":[{"name":"wp","href":"https:\/\/api.w.org\/{rel}","templated":true}]}}