{"id":29870,"date":"2021-02-24T11:26:29","date_gmt":"2021-02-24T11:26:29","guid":{"rendered":"https:\/\/mpp.se\/product\/druck-fuellstandssensor\/"},"modified":"2026-02-02T06:56:21","modified_gmt":"2026-02-02T06:56:21","slug":"druck-fuellstandssensor","status":"publish","type":"product","link":"https:\/\/mpp.se\/de\/produkt\/druck-fuellstandssensor\/","title":{"rendered":"Druck F\u00fcllstandssensor"},"content":{"rendered":"","protected":false},"excerpt":{"rendered":"<h2>Druck-F\u00fcllstandssensor mit H\u00e4ngekabel und hoher Messgenauigkeit<\/h2>\n<p>\u00d6l- und chemikalienbest\u00e4ndiges Kabel mit integriertem Luftleiter zur Kompensation von Schwankungen des Atmosph\u00e4rendrucks. Lagerhaltig in Varianten von 1\u201310\u202fmVp. Der Druck-F\u00fcllstandssensor wird mit PUR-Kabel geliefert \u2013 zur F\u00fcllstandsmessung von nicht druckbeaufschlagten oder EX-klassifizierten Fl\u00fcssigkeiten \u2013 alternativ mit Teflon-Kabel und EPDM-Dichtung f\u00fcr anspruchsvollere Umgebungen wie AdBlue und Chemikalien. Der Sensor ist auch auf Bestellung mit Druck- und Temperaturmessung erh\u00e4ltlich (beide Signale 4\u201320\u202fmA).<\/p>\n","protected":false},"featured_media":25216,"template":"","meta":{"_acf_changed":false},"accessories":[],"extra-function":[],"product_cat":[1168],"product_tag":[],"class_list":{"0":"post-29870","1":"product","2":"type-product","3":"status-publish","4":"has-post-thumbnail","6":"product_cat-ausstattung-und-optionen","8":"first","9":"instock","10":"shipping-taxable","11":"purchasable","12":"product-type-simple"},"acf":[],"_links":{"self":[{"href":"https:\/\/mpp.se\/de\/wp-json\/wp\/v2\/product\/29870","targetHints":{"allow":["GET"]}}],"collection":[{"href":"https:\/\/mpp.se\/de\/wp-json\/wp\/v2\/product"}],"about":[{"href":"https:\/\/mpp.se\/de\/wp-json\/wp\/v2\/types\/product"}],"version-history":[{"count":0,"href":"https:\/\/mpp.se\/de\/wp-json\/wp\/v2\/product\/29870\/revisions"}],"wp:featuredmedia":[{"embeddable":true,"href":"https:\/\/mpp.se\/de\/wp-json\/wp\/v2\/media\/25216"}],"wp:attachment":[{"href":"https:\/\/mpp.se\/de\/wp-json\/wp\/v2\/media?parent=29870"}],"wp:term":[{"taxonomy":"accessories","embeddable":true,"href":"https:\/\/mpp.se\/de\/wp-json\/wp\/v2\/accessories?post=29870"},{"taxonomy":"extra-function","embeddable":true,"href":"https:\/\/mpp.se\/de\/wp-json\/wp\/v2\/extra-function?post=29870"},{"taxonomy":"product_cat","embeddable":true,"href":"https:\/\/mpp.se\/de\/wp-json\/wp\/v2\/product_cat?post=29870"},{"taxonomy":"product_tag","embeddable":true,"href":"https:\/\/mpp.se\/de\/wp-json\/wp\/v2\/product_tag?post=29870"}],"curies":[{"name":"wp","href":"https:\/\/api.w.org\/{rel}","templated":true}]}}