{"id":28024,"date":"2026-01-20T08:21:21","date_gmt":"2026-01-20T08:21:21","guid":{"rendered":"https:\/\/mpp.se\/ueber-uns-2\/"},"modified":"2026-01-20T08:38:15","modified_gmt":"2026-01-20T08:38:15","slug":"ueber-uns","status":"publish","type":"page","link":"https:\/\/mpp.se\/de\/ueber-uns\/","title":{"rendered":"\u00dcber uns"},"content":{"rendered":"\t\t<div data-elementor-type=\"wp-page\" data-elementor-id=\"28024\" class=\"elementor elementor-28024 elementor-28012\" data-elementor-post-type=\"page\">\n\t\t\t\t<div class=\"elementor-element elementor-element-0d9c014 e-con-full e-flex e-con e-parent\" data-id=\"0d9c014\" data-element_type=\"container\" data-e-type=\"container\">\n\t\t\t\t<div class=\"elementor-element elementor-element-4389205 elementor-widget elementor-widget-template\" data-id=\"4389205\" data-element_type=\"widget\" data-e-type=\"widget\" data-widget_type=\"template.default\">\n\t\t\t\t<div class=\"elementor-widget-container\">\n\t\t\t\t\t\t\t<div class=\"elementor-template\">\n\t\t\t\t\t<div data-elementor-type=\"container\" data-elementor-id=\"27244\" class=\"elementor elementor-27244 elementor-27239 elementor-27239\" data-elementor-post-type=\"elementor_library\">\n\t\t\t\t<div class=\"elementor-element elementor-element-678af45 e-con-full global_inner_container e-flex e-con e-parent\" data-id=\"678af45\" data-element_type=\"container\" data-e-type=\"container\" data-settings=\"{&quot;background_background&quot;:&quot;classic&quot;}\">\n\t\t<div class=\"elementor-element elementor-element-668f017 e-flex e-con-boxed e-con e-child\" data-id=\"668f017\" data-element_type=\"container\" data-e-type=\"container\">\n\t\t\t\t\t<div class=\"e-con-inner\">\n\t\t\t\t<div class=\"elementor-element elementor-element-bfe1fb7 elementor-icon-list--layout-inline elementor-list-item-link-inline elementor-widget elementor-widget-icon-list\" data-id=\"bfe1fb7\" data-element_type=\"widget\" data-e-type=\"widget\" data-widget_type=\"icon-list.default\">\n\t\t\t\t<div class=\"elementor-widget-container\">\n\t\t\t\t\t\t\t<ul class=\"elementor-icon-list-items elementor-inline-items\">\n\t\t\t\t\t\t\t<li class=\"elementor-icon-list-item elementor-inline-item\">\n\t\t\t\t\t\t\t\t\t\t\t<a href=\"https:\/\/mpp.se\/de\/\">\n\n\t\t\t\t\t\t\t\t\t\t\t\t<span class=\"elementor-icon-list-icon\">\n\t\t\t\t\t\t\t<svg aria-hidden=\"true\" class=\"e-font-icon-svg e-fas-home\" viewBox=\"0 0 576 512\" xmlns=\"http:\/\/www.w3.org\/2000\/svg\"><path d=\"M280.37 148.26L96 300.11V464a16 16 0 0 0 16 16l112.06-.29a16 16 0 0 0 15.92-16V368a16 16 0 0 1 16-16h64a16 16 0 0 1 16 16v95.64a16 16 0 0 0 16 16.05L464 480a16 16 0 0 0 16-16V300L295.67 148.26a12.19 12.19 0 0 0-15.3 0zM571.6 251.47L488 182.56V44.05a12 12 0 0 0-12-12h-56a12 12 0 0 0-12 12v72.61L318.47 43a48 48 0 0 0-61 0L4.34 251.47a12 12 0 0 0-1.6 16.9l25.5 31A12 12 0 0 0 45.15 301l235.22-193.74a12.19 12.19 0 0 1 15.3 0L530.9 301a12 12 0 0 0 16.9-1.6l25.5-31a12 12 0 0 0-1.7-16.93z\"><\/path><\/svg>\t\t\t\t\t\t<\/span>\n\t\t\t\t\t\t\t\t\t\t<span class=\"elementor-icon-list-text\">Heim<\/span>\n\t\t\t\t\t\t\t\t\t\t\t<\/a>\n\t\t\t\t\t\t\t\t\t<\/li>\n\t\t\t\t\t\t\t\t<li class=\"elementor-icon-list-item elementor-inline-item\">\n\t\t\t\t\t\t\t\t\t\t\t<span class=\"elementor-icon-list-icon\">\n\t\t\t\t\t\t\t<svg aria-hidden=\"true\" class=\"e-font-icon-svg e-fas-chevron-right\" viewBox=\"0 0 320 512\" xmlns=\"http:\/\/www.w3.org\/2000\/svg\"><path d=\"M285.476 272.971L91.132 467.314c-9.373 9.373-24.569 9.373-33.941 0l-22.667-22.667c-9.357-9.357-9.375-24.522-.04-33.901L188.505 256 34.484 101.255c-9.335-9.379-9.317-24.544.04-33.901l22.667-22.667c9.373-9.373 24.569-9.373 33.941 0L285.475 239.03c9.373 9.372 9.373 24.568.001 33.941z\"><\/path><\/svg>\t\t\t\t\t\t<\/span>\n\t\t\t\t\t\t\t\t\t\t<span class=\"elementor-icon-list-text\"><\/span>\n\t\t\t\t\t\t\t\t\t<\/li>\n\t\t\t\t\t\t<\/ul>\n\t\t\t\t\t\t<\/div>\n\t\t\t\t<\/div>\n\t\t\t\t\t<\/div>\n\t\t\t\t<\/div>\n\t\t\t\t<\/div>\n\t\t\t\t<\/div>\n\t\t\t\t<\/div>\n\t\t\t\t\t\t<\/div>\n\t\t\t\t<\/div>\n\t\t\t\t<\/div>\n\t\t<div class=\"elementor-element elementor-element-f1f0d09 e-con-full e-flex e-con e-parent\" data-id=\"f1f0d09\" data-element_type=\"container\" data-e-type=\"container\">\n\t\t<div class=\"elementor-element elementor-element-c495daa e-con-full e-flex e-con e-child\" data-id=\"c495daa\" data-element_type=\"container\" data-e-type=\"container\">\n\t\t<div class=\"elementor-element elementor-element-d7941bc e-con-full e-flex e-con e-child\" data-id=\"d7941bc\" data-element_type=\"container\" data-e-type=\"container\" data-settings=\"{&quot;background_background&quot;:&quot;classic&quot;}\">\n\t\t\t\t<\/div>\n\t\t<div class=\"elementor-element elementor-element-215f006 e-con-full e-flex e-con e-child\" data-id=\"215f006\" data-element_type=\"container\" data-e-type=\"container\">\n\t\t<div class=\"elementor-element elementor-element-e193f02 e-con-full global_container e-flex e-con e-child\" data-id=\"e193f02\" data-element_type=\"container\" data-e-type=\"container\">\n\t\t\t\t<div class=\"elementor-element elementor-element-6207734 elementor-widget elementor-widget-heading\" data-id=\"6207734\" data-element_type=\"widget\" data-e-type=\"widget\" data-widget_type=\"heading.default\">\n\t\t\t\t<div class=\"elementor-widget-container\">\n\t\t\t\t\t<h1 class=\"elementor-heading-title elementor-size-default\">\u00dcber uns<\/h1>\t\t\t\t<\/div>\n\t\t\t\t<\/div>\n\t\t\t\t<div class=\"elementor-element elementor-element-0a3d311 elementor-widget elementor-widget-heading\" data-id=\"0a3d311\" data-element_type=\"widget\" data-e-type=\"widget\" data-widget_type=\"heading.default\">\n\t\t\t\t<div class=\"elementor-widget-container\">\n\t\t\t\t\t<h3 class=\"elementor-heading-title elementor-size-default\">MPP ist ein f\u00fchrender Hersteller robuster, sicherer und anpassungsf\u00e4higer Kraftstofftanks, die speziell auf anspruchsvolle Umgebungen zugeschnitten sind.<\/h3>\t\t\t\t<\/div>\n\t\t\t\t<\/div>\n\t\t\t\t<div class=\"elementor-element elementor-element-0e2f52c animated-slow elementor-invisible elementor-widget elementor-widget-text-editor\" data-id=\"0e2f52c\" data-element_type=\"widget\" data-e-type=\"widget\" data-settings=\"{&quot;_animation&quot;:&quot;fadeIn&quot;,&quot;_animation_delay&quot;:400}\" data-widget_type=\"text-editor.default\">\n\t\t\t\t<div class=\"elementor-widget-container\">\n\t\t\t\t\t\t\t\t\tAls Komplettanbieter sind wir bestrebt, die Anforderungen unserer Kunden stets zu \u00fcbertreffen und ihre hohen Erwartungen an Funktionalit\u00e4t und Qualit\u00e4t zu erf\u00fcllen.<br><br>Wir sind ein zuverl\u00e4ssiger und engagierter Partner mit einer breiten Produktpalette \u2013 von flexiblen mobilen Kraftstofftanks mit einem Fassungsverm\u00f6gen von 150 bis 3000 Litern \u00fcber station\u00e4re Tanks bis hin zu kompletten Tankstellen mit einem Fassungsverm\u00f6gen von 2000 bis 120.000 Litern.<br><br>Unsere Produkte zeichnen sich durch robuste Konstruktion, hohe Sicherheit und benutzerfreundliches Design aus.<br><br><strong>Wir sind stolz darauf, ein zuverl\u00e4ssiger und angesehener Akteur in der Branche zu sein.<\/strong>\t\t\t\t\t\t\t\t<\/div>\n\t\t\t\t<\/div>\n\t\t\t\t<\/div>\n\t\t\t\t<\/div>\n\t\t\t\t<\/div>\n\t\t<div class=\"elementor-element elementor-element-ed8469d e-con-full e-flex e-con e-child\" data-id=\"ed8469d\" data-element_type=\"container\" data-e-type=\"container\">\n\t\t<div class=\"elementor-element elementor-element-7fe5973 e-con-full e-flex e-con e-child\" data-id=\"7fe5973\" data-element_type=\"container\" data-e-type=\"container\">\n\t\t<div class=\"elementor-element elementor-element-761ce1c e-con-full global_container e-flex e-con e-child\" data-id=\"761ce1c\" data-element_type=\"container\" data-e-type=\"container\">\n\t\t\t\t<div class=\"elementor-element elementor-element-d465a1b elementor-widget elementor-widget-heading\" data-id=\"d465a1b\" data-element_type=\"widget\" data-e-type=\"widget\" data-widget_type=\"heading.default\">\n\t\t\t\t<div class=\"elementor-widget-container\">\n\t\t\t\t\t<h2 class=\"elementor-heading-title elementor-size-default\">Dieseltanks, Zisternen und Tankstellen mit Fokus auf Sicherheit und ma\u00dfgeschneiderte L\u00f6sungen<\/h2>\t\t\t\t<\/div>\n\t\t\t\t<\/div>\n\t\t\t\t<div class=\"elementor-element elementor-element-9dbcbe7 animated-slow elementor-invisible elementor-widget elementor-widget-text-editor\" data-id=\"9dbcbe7\" data-element_type=\"widget\" data-e-type=\"widget\" data-settings=\"{&quot;_animation&quot;:&quot;fadeIn&quot;,&quot;_animation_delay&quot;:400}\" data-widget_type=\"text-editor.default\">\n\t\t\t\t<div class=\"elementor-widget-container\">\n\t\t\t\t\t\t\t\t\tBei MPP verfolgen wir Entwicklungen nicht nur \u2013 wir wollen sie vorantreiben. Dank unserer Kundenn\u00e4he und unserer umfassenden Marktkenntnis entwickeln wir Produkte und L\u00f6sungen, die auf die tats\u00e4chlichen Bed\u00fcrfnisse zugeschnitten sind. Unser Anspruch ist es, immer einen Schritt voraus zu sein und Alternativen anzubieten, die \u00fcber den traditionellen Rahmen hinausgehen.<br><br>Sicherheit steht bei uns im Mittelpunkt. Unsere Dieseltanks, Zisternen, Farmtanks und Tankstellen werden mit Fokus auf Auslauf- und Diebstahlschutz entwickelt, kombiniert mit einem modernen und benutzerfreundlichen Design. Die Produkte erf\u00fcllen alle Anforderungen und Vorschriften f\u00fcr die sichere Lagerung, den Transport und die Handhabung von Diesel und AdBlue \u2013 unabh\u00e4ngig davon, ob es sich um eine kleine landwirtschaftliche L\u00f6sung oder eine gr\u00f6\u00dfere Tankanlage handelt.<br><br>Wir m\u00f6chten, dass jeder Kunde volles Vertrauen in sein Produkt und unseren Service hat.<br><br>Dank unseres Lagers bieten wir kurze Lieferzeiten f\u00fcr Kraftstofftanks, Zisternen, Dieseltanks und AdBlue-Tankstellen. Wir beliefern Unternehmen in der gesamten nordischen Region und in weiten Teilen Europas und legen dabei stets den gleichen Schwerpunkt auf Sicherheit, Qualit\u00e4t und Kundennutzen.\t\t\t\t\t\t\t\t<\/div>\n\t\t\t\t<\/div>\n\t\t\t\t<\/div>\n\t\t\t\t<\/div>\n\t\t<div class=\"elementor-element elementor-element-965713b e-con-full e-flex e-con e-child\" data-id=\"965713b\" data-element_type=\"container\" data-e-type=\"container\" data-settings=\"{&quot;background_background&quot;:&quot;classic&quot;}\">\n\t\t\t\t<\/div>\n\t\t\t\t<\/div>\n\t\t<div class=\"elementor-element elementor-element-f86b89e e-con-full e-flex e-con e-child\" data-id=\"f86b89e\" data-element_type=\"container\" data-e-type=\"container\">\n\t\t<div class=\"elementor-element elementor-element-e5a84b1 e-con-full e-flex e-con e-child\" data-id=\"e5a84b1\" data-element_type=\"container\" data-e-type=\"container\" data-settings=\"{&quot;background_background&quot;:&quot;classic&quot;}\">\n\t\t\t\t<\/div>\n\t\t<div class=\"elementor-element elementor-element-600508f e-con-full e-flex e-con e-child\" data-id=\"600508f\" data-element_type=\"container\" data-e-type=\"container\">\n\t\t<div class=\"elementor-element elementor-element-819d0a0 e-con-full global_container e-flex e-con e-child\" data-id=\"819d0a0\" data-element_type=\"container\" data-e-type=\"container\">\n\t\t\t\t<div class=\"elementor-element elementor-element-440b1b4 elementor-widget elementor-widget-heading\" data-id=\"440b1b4\" data-element_type=\"widget\" data-e-type=\"widget\" data-widget_type=\"heading.default\">\n\t\t\t\t<div class=\"elementor-widget-container\">\n\t\t\t\t\t<h2 class=\"elementor-heading-title elementor-size-default\">Agrartanks und Dieseltanks f\u00fcr Landwirtschaft und Bauwesen<\/h2>\t\t\t\t<\/div>\n\t\t\t\t<\/div>\n\t\t\t\t<div class=\"elementor-element elementor-element-ad4b54d animated-slow elementor-invisible elementor-widget elementor-widget-text-editor\" data-id=\"ad4b54d\" data-element_type=\"widget\" data-e-type=\"widget\" data-settings=\"{&quot;_animation&quot;:&quot;fadeIn&quot;,&quot;_animation_delay&quot;:400}\" data-widget_type=\"text-editor.default\">\n\t\t\t\t<div class=\"elementor-widget-container\">\n\t\t\t\t\t\t\t\t\tF\u00fcr Landwirte, Bauunternehmen und andere Unternehmen, f\u00fcr die der Zugang zu Kraftstoff entscheidend ist, bietet MPP eine gro\u00dfe Auswahl an Agrartanks, Dieseltanks und Tankstellen in verschiedenen Gr\u00f6\u00dfen und Ausf\u00fchrungen. Ob Sie einen 1000-Liter-Dieseltank f\u00fcr den t\u00e4glichen Einsatz, einen 3000-Liter-Dieseltank f\u00fcr gr\u00f6\u00dfere Maschinenflotten oder eine mobile Transportl\u00f6sung ben\u00f6tigen \u2013 wir haben das passende Produkt f\u00fcr Ihre Anforderungen.<br><br>Alle unsere L\u00f6sungen vereinen h\u00f6chste Sicherheit mit praktischer Funktionalit\u00e4t. Unsere Tanks sind doppelwandig, mit Auslaufschutz ausgestattet und halten sowohl rauen Klimabedingungen als auch dem t\u00e4glichen Einsatz stand. Wir bieten auch komplette AdBlue-Tankstellen und flexible L\u00f6sungen f\u00fcr Unternehmen, die eine sichere Lagerung und einfachen Zugang zu Kraftstoff ben\u00f6tigen.<br><br>Dank unseres breiten Sortiments und unseres gro\u00dfen Lagerbestands k\u00f6nnen wir schnell liefern. Unsere Experten unterst\u00fctzen Sie gerne bei der Auswahl des richtigen Produkts f\u00fcr Ihr Unternehmen. Mit MPP erhalten Sie nicht nur einen Kraftstofftank oder Agrartank \u2013 Sie erhalten eine langfristige L\u00f6sung, die Ihnen im Alltag Sicherheit, Effizienz und Kostenkontrolle bietet.\t\t\t\t\t\t\t\t<\/div>\n\t\t\t\t<\/div>\n\t\t\t\t<\/div>\n\t\t\t\t<\/div>\n\t\t\t\t<\/div>\n\t\t<div class=\"elementor-element elementor-element-18e31be e-con-full e-flex e-con e-child\" data-id=\"18e31be\" data-element_type=\"container\" data-e-type=\"container\">\n\t\t<div class=\"elementor-element elementor-element-3f15491 e-con-full e-flex e-con e-child\" data-id=\"3f15491\" data-element_type=\"container\" data-e-type=\"container\" data-settings=\"{&quot;background_background&quot;:&quot;classic&quot;}\">\n\t\t\t\t<\/div>\n\t\t<div class=\"elementor-element elementor-element-5dea05f e-con-full e-flex e-con e-child\" data-id=\"5dea05f\" data-element_type=\"container\" data-e-type=\"container\" data-settings=\"{&quot;background_background&quot;:&quot;classic&quot;}\">\n\t\t<div class=\"elementor-element elementor-element-c8ae067 e-con-full global_container e-flex e-con e-child\" data-id=\"c8ae067\" data-element_type=\"container\" data-e-type=\"container\">\n\t\t\t\t<div class=\"elementor-element elementor-element-16aa410 elementor-widget elementor-widget-image\" data-id=\"16aa410\" data-element_type=\"widget\" data-e-type=\"widget\" data-widget_type=\"image.default\">\n\t\t\t\t<div class=\"elementor-widget-container\">\n\t\t\t\t\t\t\t\t\t\t\t\t\t\t\t<img fetchpriority=\"high\" decoding=\"async\" width=\"344\" height=\"379\" src=\"https:\/\/mpp.se\/wp-content\/uploads\/2025\/12\/New-Project11.jpg\" class=\"attachment-full size-full wp-image-23722\" alt=\"New Project11\" srcset=\"https:\/\/mpp.se\/wp-content\/uploads\/2025\/12\/New-Project11.jpg 344w, https:\/\/mpp.se\/wp-content\/uploads\/2025\/12\/New-Project11-272x300.jpg 272w\" sizes=\"(max-width: 344px) 100vw, 344px\" \/>\t\t\t\t\t\t\t\t\t\t\t\t\t\t\t<\/div>\n\t\t\t\t<\/div>\n\t\t\t\t<\/div>\n\t\t\t\t<\/div>\n\t\t\t\t<\/div>\n\t\t\t\t<\/div>\n\t\t\t\t<\/div>\n\t\t","protected":false},"excerpt":{"rendered":"<p>\u00dcber uns MPP ist ein f\u00fchrender Hersteller robuster, sicherer und anpassungsf\u00e4higer Kraftstofftanks, die speziell auf anspruchsvolle Umgebungen zugeschnitten sind. Als Komplettanbieter sind wir bestrebt, die Anforderungen unserer Kunden stets zu \u00fcbertreffen und ihre hohen Erwartungen an Funktionalit\u00e4t und Qualit\u00e4t zu erf\u00fcllen. Wir sind ein zuverl\u00e4ssiger und engagierter Partner mit einer breiten Produktpalette \u2013 von flexiblen [&hellip;]<\/p>\n","protected":false},"author":15,"featured_media":0,"parent":0,"menu_order":0,"comment_status":"closed","ping_status":"closed","template":"","meta":{"_acf_changed":false,"footnotes":""},"class_list":["post-28024","page","type-page","status-publish","hentry"],"acf":[],"_links":{"self":[{"href":"https:\/\/mpp.se\/de\/wp-json\/wp\/v2\/pages\/28024","targetHints":{"allow":["GET"]}}],"collection":[{"href":"https:\/\/mpp.se\/de\/wp-json\/wp\/v2\/pages"}],"about":[{"href":"https:\/\/mpp.se\/de\/wp-json\/wp\/v2\/types\/page"}],"author":[{"embeddable":true,"href":"https:\/\/mpp.se\/de\/wp-json\/wp\/v2\/users\/15"}],"replies":[{"embeddable":true,"href":"https:\/\/mpp.se\/de\/wp-json\/wp\/v2\/comments?post=28024"}],"version-history":[{"count":0,"href":"https:\/\/mpp.se\/de\/wp-json\/wp\/v2\/pages\/28024\/revisions"}],"wp:attachment":[{"href":"https:\/\/mpp.se\/de\/wp-json\/wp\/v2\/media?parent=28024"}],"curies":[{"name":"wp","href":"https:\/\/api.w.org\/{rel}","templated":true}]}}