{"id":28002,"date":"2026-01-20T06:10:28","date_gmt":"2026-01-20T06:10:28","guid":{"rendered":"https:\/\/mpp.se\/partners\/"},"modified":"2026-04-24T06:41:43","modified_gmt":"2026-04-24T06:41:43","slug":"partners","status":"publish","type":"page","link":"https:\/\/mpp.se\/de\/partners\/","title":{"rendered":"Partners"},"content":{"rendered":"\t\t<div data-elementor-type=\"wp-page\" data-elementor-id=\"28002\" class=\"elementor elementor-28002 elementor-27931\" data-elementor-post-type=\"page\">\n\t\t\t\t<div class=\"elementor-element elementor-element-b5f14b2 e-con-full e-flex e-con e-parent\" data-id=\"b5f14b2\" data-element_type=\"container\" data-e-type=\"container\">\n\t\t\t\t<div class=\"elementor-element elementor-element-babc745 elementor-widget elementor-widget-template\" data-id=\"babc745\" data-element_type=\"widget\" data-e-type=\"widget\" data-widget_type=\"template.default\">\n\t\t\t\t<div class=\"elementor-widget-container\">\n\t\t\t\t\t\t\t<div class=\"elementor-template\">\n\t\t\t\t\t<div data-elementor-type=\"container\" data-elementor-id=\"27244\" class=\"elementor elementor-27244 elementor-27239 elementor-27239\" data-elementor-post-type=\"elementor_library\">\n\t\t\t\t<div class=\"elementor-element elementor-element-678af45 e-con-full global_inner_container e-flex e-con e-parent\" data-id=\"678af45\" data-element_type=\"container\" data-e-type=\"container\" data-settings=\"{&quot;background_background&quot;:&quot;classic&quot;}\">\n\t\t<div class=\"elementor-element elementor-element-668f017 e-flex e-con-boxed e-con e-child\" data-id=\"668f017\" data-element_type=\"container\" data-e-type=\"container\">\n\t\t\t\t\t<div class=\"e-con-inner\">\n\t\t\t\t<div class=\"elementor-element elementor-element-bfe1fb7 elementor-icon-list--layout-inline elementor-list-item-link-inline elementor-widget elementor-widget-icon-list\" data-id=\"bfe1fb7\" data-element_type=\"widget\" data-e-type=\"widget\" data-widget_type=\"icon-list.default\">\n\t\t\t\t<div class=\"elementor-widget-container\">\n\t\t\t\t\t\t\t<ul class=\"elementor-icon-list-items elementor-inline-items\">\n\t\t\t\t\t\t\t<li class=\"elementor-icon-list-item elementor-inline-item\">\n\t\t\t\t\t\t\t\t\t\t\t<a href=\"https:\/\/mpp.se\/de\/\">\n\n\t\t\t\t\t\t\t\t\t\t\t\t<span class=\"elementor-icon-list-icon\">\n\t\t\t\t\t\t\t<svg aria-hidden=\"true\" class=\"e-font-icon-svg e-fas-home\" viewBox=\"0 0 576 512\" xmlns=\"http:\/\/www.w3.org\/2000\/svg\"><path d=\"M280.37 148.26L96 300.11V464a16 16 0 0 0 16 16l112.06-.29a16 16 0 0 0 15.92-16V368a16 16 0 0 1 16-16h64a16 16 0 0 1 16 16v95.64a16 16 0 0 0 16 16.05L464 480a16 16 0 0 0 16-16V300L295.67 148.26a12.19 12.19 0 0 0-15.3 0zM571.6 251.47L488 182.56V44.05a12 12 0 0 0-12-12h-56a12 12 0 0 0-12 12v72.61L318.47 43a48 48 0 0 0-61 0L4.34 251.47a12 12 0 0 0-1.6 16.9l25.5 31A12 12 0 0 0 45.15 301l235.22-193.74a12.19 12.19 0 0 1 15.3 0L530.9 301a12 12 0 0 0 16.9-1.6l25.5-31a12 12 0 0 0-1.7-16.93z\"><\/path><\/svg>\t\t\t\t\t\t<\/span>\n\t\t\t\t\t\t\t\t\t\t<span class=\"elementor-icon-list-text\">Heim<\/span>\n\t\t\t\t\t\t\t\t\t\t\t<\/a>\n\t\t\t\t\t\t\t\t\t<\/li>\n\t\t\t\t\t\t\t\t<li class=\"elementor-icon-list-item elementor-inline-item\">\n\t\t\t\t\t\t\t\t\t\t\t<span class=\"elementor-icon-list-icon\">\n\t\t\t\t\t\t\t<svg aria-hidden=\"true\" class=\"e-font-icon-svg e-fas-chevron-right\" viewBox=\"0 0 320 512\" xmlns=\"http:\/\/www.w3.org\/2000\/svg\"><path d=\"M285.476 272.971L91.132 467.314c-9.373 9.373-24.569 9.373-33.941 0l-22.667-22.667c-9.357-9.357-9.375-24.522-.04-33.901L188.505 256 34.484 101.255c-9.335-9.379-9.317-24.544.04-33.901l22.667-22.667c9.373-9.373 24.569-9.373 33.941 0L285.475 239.03c9.373 9.372 9.373 24.568.001 33.941z\"><\/path><\/svg>\t\t\t\t\t\t<\/span>\n\t\t\t\t\t\t\t\t\t\t<span class=\"elementor-icon-list-text\"><\/span>\n\t\t\t\t\t\t\t\t\t<\/li>\n\t\t\t\t\t\t<\/ul>\n\t\t\t\t\t\t<\/div>\n\t\t\t\t<\/div>\n\t\t\t\t\t<\/div>\n\t\t\t\t<\/div>\n\t\t\t\t<\/div>\n\t\t\t\t<\/div>\n\t\t\t\t<\/div>\n\t\t\t\t\t\t<\/div>\n\t\t\t\t<\/div>\n\t\t\t\t<\/div>\n\t\t<div class=\"elementor-element elementor-element-7ba181f e-con-full global_container e-flex e-con e-parent\" data-id=\"7ba181f\" data-element_type=\"container\" data-e-type=\"container\" data-settings=\"{&quot;background_background&quot;:&quot;gradient&quot;}\">\n\t\t<div class=\"elementor-element elementor-element-e70f8a6 e-flex e-con-boxed e-con e-child\" data-id=\"e70f8a6\" data-element_type=\"container\" data-e-type=\"container\">\n\t\t\t\t\t<div class=\"e-con-inner\">\n\t\t\t\t<div class=\"elementor-element elementor-element-65a3b5f animated-slow elementor-invisible elementor-widget elementor-widget-heading\" data-id=\"65a3b5f\" data-element_type=\"widget\" data-e-type=\"widget\" data-settings=\"{&quot;_animation&quot;:&quot;fadeIn&quot;,&quot;_animation_delay&quot;:100}\" data-widget_type=\"heading.default\">\n\t\t\t\t<div class=\"elementor-widget-container\">\n\t\t\t\t\t<h1 class=\"elementor-heading-title elementor-size-default\">Unsere partners<\/h1>\t\t\t\t<\/div>\n\t\t\t\t<\/div>\n\t\t<div class=\"elementor-element elementor-element-e81af2b e-grid e-con-full our_services_area e-con e-child\" data-id=\"e81af2b\" data-element_type=\"container\" data-e-type=\"container\">\n\t\t<div class=\"elementor-element elementor-element-0279c03 e-con-full e-flex e-con e-child\" data-id=\"0279c03\" data-element_type=\"container\" data-e-type=\"container\" data-settings=\"{&quot;background_background&quot;:&quot;classic&quot;}\">\n\t\t\t\t<div class=\"elementor-element elementor-element-d72e968 elementor-widget elementor-widget-image\" data-id=\"d72e968\" data-element_type=\"widget\" data-e-type=\"widget\" data-widget_type=\"image.default\">\n\t\t\t\t<div class=\"elementor-widget-container\">\n\t\t\t\t\t\t\t\t\t\t\t\t\t\t\t<img decoding=\"async\" width=\"90\" height=\"60\" src=\"https:\/\/mpp.se\/wp-content\/uploads\/2025\/06\/Hytek_logo.webp\" class=\"attachment-full size-full wp-image-19765\" alt=\"Hytek logo\" \/>\t\t\t\t\t\t\t\t\t\t\t\t\t\t\t<\/div>\n\t\t\t\t<\/div>\n\t\t\t\t<div class=\"elementor-element elementor-element-f139d24 elementor-widget elementor-widget-heading\" data-id=\"f139d24\" data-element_type=\"widget\" data-e-type=\"widget\" data-widget_type=\"heading.default\">\n\t\t\t\t<div class=\"elementor-widget-container\">\n\t\t\t\t\t<h4 class=\"elementor-heading-title elementor-size-default\">HYTEC<\/h4>\t\t\t\t<\/div>\n\t\t\t\t<\/div>\n\t\t\t\t<div class=\"elementor-element elementor-element-6ccbea9 elementor-widget elementor-widget-text-editor\" data-id=\"6ccbea9\" data-element_type=\"widget\" data-e-type=\"widget\" data-widget_type=\"text-editor.default\">\n\t\t\t\t<div class=\"elementor-widget-container\">\n\t\t\t\t\t\t\t\t\t<p>MPP, Ihr schwedischer Partner und H\u00e4ndler f\u00fcr HYTEC Limited, verf\u00fcgt \u00fcber jahrzehntelange Erfahrung im Bereich Kraftstoffl\u00f6sungen. Mit fast 40 Jahren Branchenerfahrung ist HYTEC Ihre zuverl\u00e4ssige Anlaufstelle f\u00fcr Kraftstoffabgabesysteme \u2013 von einer einzelnen Pumpe bis hin zu einem umfassenden Sortiment, einschlie\u00dflich Hytek Engineered, Pumptronics, O.L.E. und mehr.<\/p>\n\t\t\t\t\t\t\t\t<\/div>\n\t\t\t\t<\/div>\n\t\t\t\t<\/div>\n\t\t<div class=\"elementor-element elementor-element-fbb630e e-con-full e-flex e-con e-child\" data-id=\"fbb630e\" data-element_type=\"container\" data-e-type=\"container\" data-settings=\"{&quot;background_background&quot;:&quot;classic&quot;}\">\n\t\t\t\t<div class=\"elementor-element elementor-element-4278b4a elementor-widget elementor-widget-image\" data-id=\"4278b4a\" data-element_type=\"widget\" data-e-type=\"widget\" data-widget_type=\"image.default\">\n\t\t\t\t<div class=\"elementor-widget-container\">\n\t\t\t\t\t\t\t\t\t\t\t\t\t\t\t<img decoding=\"async\" width=\"90\" height=\"60\" src=\"https:\/\/mpp.se\/wp-content\/uploads\/2025\/06\/logos_logo.webp\" class=\"attachment-full size-full wp-image-19766\" alt=\"logos logo\" \/>\t\t\t\t\t\t\t\t\t\t\t\t\t\t\t<\/div>\n\t\t\t\t<\/div>\n\t\t\t\t<div class=\"elementor-element elementor-element-1cff834 elementor-widget elementor-widget-heading\" data-id=\"1cff834\" data-element_type=\"widget\" data-e-type=\"widget\" data-widget_type=\"heading.default\">\n\t\t\t\t<div class=\"elementor-widget-container\">\n\t\t\t\t\t<h4 class=\"elementor-heading-title elementor-size-default\">Logos<\/h4>\t\t\t\t<\/div>\n\t\t\t\t<\/div>\n\t\t\t\t<div class=\"elementor-element elementor-element-6138e87 elementor-widget elementor-widget-text-editor\" data-id=\"6138e87\" data-element_type=\"widget\" data-e-type=\"widget\" data-widget_type=\"text-editor.default\">\n\t\t\t\t<div class=\"elementor-widget-container\">\n\t\t\t\t\t\t\t\t\t<p>MPP ist stolz darauf, ein gesch\u00e4tzter Partner von LOGOS zu sein, einem Unternehmen, das sich auf die Entwicklung und Produktion innovativer Self-Service-L\u00f6sungen spezialisiert hat. LOGOS arbeitet mit Zahlungsterminals, App- und Mobil-L\u00f6sungen, Steuerungssystemen und Backend-Systemen, und deren Kunden profitieren von deren umfassender Expertise und Erfahrung w\u00e4hrend des gesamten Prozesses. Von der Ideenfindung und Entwicklung bis hin zu Konfiguration, Installation und Support k\u00f6nnen Sie darauf vertrauen, dass MPP und LOGOS gemeinsam zuverl\u00e4ssige und zukunftsorientierte L\u00f6sungen bieten.<\/p>\n\t\t\t\t\t\t\t\t<\/div>\n\t\t\t\t<\/div>\n\t\t\t\t<\/div>\n\t\t<div class=\"elementor-element elementor-element-5a642ad e-con-full e-flex e-con e-child\" data-id=\"5a642ad\" data-element_type=\"container\" data-e-type=\"container\" data-settings=\"{&quot;background_background&quot;:&quot;classic&quot;}\">\n\t\t\t\t<div class=\"elementor-element elementor-element-be4b116 elementor-widget elementor-widget-image\" data-id=\"be4b116\" data-element_type=\"widget\" data-e-type=\"widget\" data-widget_type=\"image.default\">\n\t\t\t\t<div class=\"elementor-widget-container\">\n\t\t\t\t\t\t\t\t\t\t\t\t\t\t\t<img decoding=\"async\" width=\"90\" height=\"60\" src=\"https:\/\/mpp.se\/wp-content\/uploads\/2025\/06\/TSG_logo.webp\" class=\"attachment-full size-full wp-image-19770\" alt=\"TSG logo\" \/>\t\t\t\t\t\t\t\t\t\t\t\t\t\t\t<\/div>\n\t\t\t\t<\/div>\n\t\t\t\t<div class=\"elementor-element elementor-element-b660eea elementor-widget elementor-widget-heading\" data-id=\"b660eea\" data-element_type=\"widget\" data-e-type=\"widget\" data-widget_type=\"heading.default\">\n\t\t\t\t<div class=\"elementor-widget-container\">\n\t\t\t\t\t<h4 class=\"elementor-heading-title elementor-size-default\">TSG Nordic<\/h4>\t\t\t\t<\/div>\n\t\t\t\t<\/div>\n\t\t\t\t<div class=\"elementor-element elementor-element-7d7a92e elementor-widget elementor-widget-text-editor\" data-id=\"7d7a92e\" data-element_type=\"widget\" data-e-type=\"widget\" data-widget_type=\"text-editor.default\">\n\t\t\t\t<div class=\"elementor-widget-container\">\n\t\t\t\t\t\t\t\t\t<p>MPP freut sich, ein enger Partner von TSG Nordic A\/S zu sein, einem Teil der TSG-Gruppe (Tokheim Services Group). TSG bietet Komplettl\u00f6sungen an, die von Kraftstoffautomaten, Zahlungsterminals, Medienzubeh\u00f6r und F\u00fcllstandsmessger\u00e4ten bis hin zu AdBlue-L\u00f6sungen reichen.<\/p>\n\t\t\t\t\t\t\t\t<\/div>\n\t\t\t\t<\/div>\n\t\t\t\t<\/div>\n\t\t<div class=\"elementor-element elementor-element-ecdde86 e-con-full e-flex e-con e-child\" data-id=\"ecdde86\" data-element_type=\"container\" data-e-type=\"container\" data-settings=\"{&quot;background_background&quot;:&quot;classic&quot;}\">\n\t\t\t\t<div class=\"elementor-element elementor-element-ec65cea elementor-widget elementor-widget-image\" data-id=\"ec65cea\" data-element_type=\"widget\" data-e-type=\"widget\" data-widget_type=\"image.default\">\n\t\t\t\t<div class=\"elementor-widget-container\">\n\t\t\t\t\t\t\t\t\t\t\t\t\t\t\t<img loading=\"lazy\" decoding=\"async\" width=\"90\" height=\"60\" src=\"https:\/\/mpp.se\/wp-content\/uploads\/2025\/06\/RS_logo.webp\" class=\"attachment-full size-full wp-image-19768\" alt=\"RS logo\" \/>\t\t\t\t\t\t\t\t\t\t\t\t\t\t\t<\/div>\n\t\t\t\t<\/div>\n\t\t\t\t<div class=\"elementor-element elementor-element-2712384 elementor-widget elementor-widget-heading\" data-id=\"2712384\" data-element_type=\"widget\" data-e-type=\"widget\" data-widget_type=\"heading.default\">\n\t\t\t\t<div class=\"elementor-widget-container\">\n\t\t\t\t\t<h4 class=\"elementor-heading-title elementor-size-default\">Roos Safety<\/h4>\t\t\t\t<\/div>\n\t\t\t\t<\/div>\n\t\t\t\t<div class=\"elementor-element elementor-element-6cdb334 elementor-widget elementor-widget-text-editor\" data-id=\"6cdb334\" data-element_type=\"widget\" data-e-type=\"widget\" data-widget_type=\"text-editor.default\">\n\t\t\t\t<div class=\"elementor-widget-container\">\n\t\t\t\t\t\t\t\t\t<p>&#8222;Wir bei Roos Safety pflegen seit 2005 eine enge und gute Zusammenarbeit mit MPP. Sie sind stets hilfsbereit und bieten exzellenten Service, wenn wir Ersatzteile oder \u00c4hnliches ben\u00f6tigen.&#8220; \u2013 Daniel Roos, Inhaber, Roos Safety<\/p>\n\t\t\t\t\t\t\t\t<\/div>\n\t\t\t\t<\/div>\n\t\t\t\t<\/div>\n\t\t<div class=\"elementor-element elementor-element-a089328 e-con-full e-flex e-con e-child\" data-id=\"a089328\" data-element_type=\"container\" data-e-type=\"container\" data-settings=\"{&quot;background_background&quot;:&quot;classic&quot;}\">\n\t\t\t\t<div class=\"elementor-element elementor-element-9e75596 elementor-widget elementor-widget-image\" data-id=\"9e75596\" data-element_type=\"widget\" data-e-type=\"widget\" data-widget_type=\"image.default\">\n\t\t\t\t<div class=\"elementor-widget-container\">\n\t\t\t\t\t\t\t\t\t\t\t\t\t\t\t<img loading=\"lazy\" decoding=\"async\" width=\"90\" height=\"60\" src=\"https:\/\/mpp.se\/wp-content\/uploads\/2025\/06\/MCD_logo.webp\" class=\"attachment-full size-full wp-image-19767\" alt=\"MCD logo\" \/>\t\t\t\t\t\t\t\t\t\t\t\t\t\t\t<\/div>\n\t\t\t\t<\/div>\n\t\t\t\t<div class=\"elementor-element elementor-element-6d4a3ca elementor-widget elementor-widget-heading\" data-id=\"6d4a3ca\" data-element_type=\"widget\" data-e-type=\"widget\" data-widget_type=\"heading.default\">\n\t\t\t\t<div class=\"elementor-widget-container\">\n\t\t\t\t\t<h4 class=\"elementor-heading-title elementor-size-default\">MCD<\/h4>\t\t\t\t<\/div>\n\t\t\t\t<\/div>\n\t\t\t\t<div class=\"elementor-element elementor-element-dd81b65 elementor-widget elementor-widget-text-editor\" data-id=\"dd81b65\" data-element_type=\"widget\" data-e-type=\"widget\" data-widget_type=\"text-editor.default\">\n\t\t\t\t<div class=\"elementor-widget-container\">\n\t\t\t\t\t\t\t\t\t<p>&#8222;MCD &amp; MPP arbeiten seit vielen Jahren zum Wohl der Endkunden zusammen. Besonders im Bereich der Transporttanks haben wir gemeinsam die Voraussetzungen geschaffen, die Tanks einfach mit SiteInfo zu verbinden, und es laufen derzeit auch Tests zur GPS-Positionsbestimmung. F\u00fcr mich war es selbstverst\u00e4ndlich, eine Partnerschaft mit MPP einzugehen, basierend auf unserer gemeinsamen Erfahrung \u00fcber die Jahre.\u201c<\/p>\n<p>\u2013 Sture Berg, Vertriebsleiter, Measure Connect Display AB<\/p>\n\t\t\t\t\t\t\t\t<\/div>\n\t\t\t\t<\/div>\n\t\t\t\t<\/div>\n\t\t<div class=\"elementor-element elementor-element-958b55b e-con-full e-flex e-con e-child\" data-id=\"958b55b\" data-element_type=\"container\" data-e-type=\"container\" data-settings=\"{&quot;background_background&quot;:&quot;classic&quot;}\">\n\t\t\t\t<div class=\"elementor-element elementor-element-2508144 elementor-widget elementor-widget-image\" data-id=\"2508144\" data-element_type=\"widget\" data-e-type=\"widget\" data-widget_type=\"image.default\">\n\t\t\t\t<div class=\"elementor-widget-container\">\n\t\t\t\t\t\t\t\t\t\t\t\t\t\t\t<img loading=\"lazy\" decoding=\"async\" width=\"90\" height=\"60\" src=\"https:\/\/mpp.se\/wp-content\/uploads\/2025\/06\/codab_logo.webp\" class=\"attachment-full size-full wp-image-19764\" alt=\"codab logo\" \/>\t\t\t\t\t\t\t\t\t\t\t\t\t\t\t<\/div>\n\t\t\t\t<\/div>\n\t\t\t\t<div class=\"elementor-element elementor-element-1d4af35 elementor-widget elementor-widget-heading\" data-id=\"1d4af35\" data-element_type=\"widget\" data-e-type=\"widget\" data-widget_type=\"heading.default\">\n\t\t\t\t<div class=\"elementor-widget-container\">\n\t\t\t\t\t<h4 class=\"elementor-heading-title elementor-size-default\">CODAB<\/h4>\t\t\t\t<\/div>\n\t\t\t\t<\/div>\n\t\t\t\t<div class=\"elementor-element elementor-element-dde96fc elementor-widget elementor-widget-text-editor\" data-id=\"dde96fc\" data-element_type=\"widget\" data-e-type=\"widget\" data-widget_type=\"text-editor.default\">\n\t\t\t\t<div class=\"elementor-widget-container\">\n\t\t\t\t\t\t\t\t\t<p>CODAB verf\u00fcgt \u00fcber mehr als 35 Jahre Erfahrung mit Kraftstoffanlagen sowie \u00fcber ein fundiertes Verst\u00e4ndnis und Wissen \u00fcber die Branche. Sie entwickeln, fertigen und liefern Produkte und Systeme an \u00d6lgesellschaften und Unternehmen mit eigenen Kraftstoffanlagen (vor allem in Skandinavien, Europa und in einigen afrikanischen L\u00e4ndern)<\/p>\n\t\t\t\t\t\t\t\t<\/div>\n\t\t\t\t<\/div>\n\t\t\t\t<\/div>\n\t\t\t\t<\/div>\n\t\t\t\t\t<\/div>\n\t\t\t\t<\/div>\n\t\t\t\t<\/div>\n\t\t\t\t<\/div>\n\t\t","protected":false},"excerpt":{"rendered":"<p>Unsere partners HYTEC MPP, Ihr schwedischer Partner und H\u00e4ndler f\u00fcr HYTEC Limited, verf\u00fcgt \u00fcber jahrzehntelange Erfahrung im Bereich Kraftstoffl\u00f6sungen. Mit fast 40 Jahren Branchenerfahrung ist HYTEC Ihre zuverl\u00e4ssige Anlaufstelle f\u00fcr Kraftstoffabgabesysteme \u2013 von einer einzelnen Pumpe bis hin zu einem umfassenden Sortiment, einschlie\u00dflich Hytek Engineered, Pumptronics, O.L.E. und mehr. Logos MPP ist stolz darauf, ein [&hellip;]<\/p>\n","protected":false},"author":15,"featured_media":0,"parent":0,"menu_order":0,"comment_status":"closed","ping_status":"closed","template":"","meta":{"_acf_changed":false,"footnotes":""},"class_list":["post-28002","page","type-page","status-publish","hentry"],"acf":[],"_links":{"self":[{"href":"https:\/\/mpp.se\/de\/wp-json\/wp\/v2\/pages\/28002","targetHints":{"allow":["GET"]}}],"collection":[{"href":"https:\/\/mpp.se\/de\/wp-json\/wp\/v2\/pages"}],"about":[{"href":"https:\/\/mpp.se\/de\/wp-json\/wp\/v2\/types\/page"}],"author":[{"embeddable":true,"href":"https:\/\/mpp.se\/de\/wp-json\/wp\/v2\/users\/15"}],"replies":[{"embeddable":true,"href":"https:\/\/mpp.se\/de\/wp-json\/wp\/v2\/comments?post=28002"}],"version-history":[{"count":1,"href":"https:\/\/mpp.se\/de\/wp-json\/wp\/v2\/pages\/28002\/revisions"}],"predecessor-version":[{"id":39897,"href":"https:\/\/mpp.se\/de\/wp-json\/wp\/v2\/pages\/28002\/revisions\/39897"}],"wp:attachment":[{"href":"https:\/\/mpp.se\/de\/wp-json\/wp\/v2\/media?parent=28002"}],"curies":[{"name":"wp","href":"https:\/\/api.w.org\/{rel}","templated":true}]}}